{"id":2105,"date":"2017-08-22T20:46:18","date_gmt":"2017-08-22T18:46:18","guid":{"rendered":"https:\/\/42nibbles.de\/?page_id=2105"},"modified":"2017-08-22T20:46:18","modified_gmt":"2017-08-22T18:46:18","slug":"vfd-uhr","status":"publish","type":"page","link":"https:\/\/42nibbles.de\/?page_id=2105","title":{"rendered":"VFD-Uhr"},"content":{"rendered":"<p>Die Nixie-Uhr war sehr erfolgreich, daher hat es uns angetrieben, eine weitere Technologie auszuprobieren.<\/p>\n<p>Die VFD-Technologie ist etwas moderner als die Nixie-Technologie, sie wird in verschiedenen Anwendungen auch heute noch eingesetzt. Die R\u00f6hren sind auch in verschiedenen Gr\u00f6\u00dfen und Formen \u00e4hnlich wie die Nixie-R\u00f6hren erh\u00e4ltlich. Da sie im Gegensatz zu den Nixie-R\u00f6hren nicht aus vielen Kathoden, sondern aus vielen Anoden bestehen, ist die Ansteuerung mit P-Schaltern n\u00f6tig.<br \/>\nSie sind als 7-Segment-Anzeigen aufgebaut, sind also mit 8 bit inklusive dem Dezimalpunkt anzusteuern.<br \/>\nWir setzen ein 20-bit Schieberegister von Microchip ein und multiplexen jeweils 2 R\u00f6hren. Die Zeitansteuerung erfolgt wie bei der Nixie-Uhr \u00fcber einen ESP und einen NTP-Server.<br \/>\nAuch hier haben wir die Uhr in 2 Teilen aufgebaut, der Treiber-Platine und der Anzeige-Platine. Dadurch k\u00f6nnen wir mit einer Treiber-Platine verschiedene R\u00f6hrenformen ansteuern.<\/p>\n<p>Unser erster Prototyp besitzt eine Anzeige mit IW12-R\u00f6hren, die die gleiche Form wie die Nixie-Anzeige besitzten.<\/p>\n<p>Ein weiterer Prototyp mit aufrechten IV3-R\u00f6hren folgt.<\/p>\n<p>Auf dem Bild ist die untere Uhr mit IW22-R\u00f6hren, die obere mit IV3-R\u00f6hren aufgebaut.<\/p>\n<p>Die Dokumentation der Hard- und Software befindet sich z.Z. unter <a title=\"GitHub-Link\" href=\"https:\/\/github.com\/42nibbles\/NixieClock\" data-original-href=\"https:\/\/github.com\/42nibbles\/NixieClock\">GitHub.<\/a><\/p>\n","protected":false},"excerpt":{"rendered":"<p>Die Nixie-Uhr war sehr erfolgreich, daher hat es uns angetrieben, eine weitere Technologie auszuprobieren. Die VFD-Technologie ist etwas moderner als die Nixie-Technologie, sie wird in verschiedenen Anwendungen auch heute noch eingesetzt. Die R\u00f6hren sind auch in verschiedenen Gr\u00f6\u00dfen und Formen \u00e4hnlich wie die Nixie-R\u00f6hren erh\u00e4ltlich. Da sie im Gegensatz zu den Nixie-R\u00f6hren nicht aus vielen [&hellip;]<\/p>\n","protected":false},"author":8,"featured_media":2108,"parent":0,"menu_order":0,"comment_status":"closed","ping_status":"closed","template":"","meta":{"footnotes":""},"class_list":["post-2105","page","type-page","status-publish","has-post-thumbnail","hentry"],"jetpack_sharing_enabled":true,"_links":{"self":[{"href":"https:\/\/42nibbles.de\/index.php?rest_route=\/wp\/v2\/pages\/2105","targetHints":{"allow":["GET"]}}],"collection":[{"href":"https:\/\/42nibbles.de\/index.php?rest_route=\/wp\/v2\/pages"}],"about":[{"href":"https:\/\/42nibbles.de\/index.php?rest_route=\/wp\/v2\/types\/page"}],"author":[{"embeddable":true,"href":"https:\/\/42nibbles.de\/index.php?rest_route=\/wp\/v2\/users\/8"}],"replies":[{"embeddable":true,"href":"https:\/\/42nibbles.de\/index.php?rest_route=%2Fwp%2Fv2%2Fcomments&post=2105"}],"version-history":[{"count":8,"href":"https:\/\/42nibbles.de\/index.php?rest_route=\/wp\/v2\/pages\/2105\/revisions"}],"predecessor-version":[{"id":2115,"href":"https:\/\/42nibbles.de\/index.php?rest_route=\/wp\/v2\/pages\/2105\/revisions\/2115"}],"wp:featuredmedia":[{"embeddable":true,"href":"https:\/\/42nibbles.de\/index.php?rest_route=\/wp\/v2\/media\/2108"}],"wp:attachment":[{"href":"https:\/\/42nibbles.de\/index.php?rest_route=%2Fwp%2Fv2%2Fmedia&parent=2105"}],"curies":[{"name":"wp","href":"https:\/\/api.w.org\/{rel}","templated":true}]}}