{"id":1960,"date":"2017-04-05T19:00:23","date_gmt":"2017-04-05T17:00:23","guid":{"rendered":"https:\/\/42nibbles.de\/?page_id=1960"},"modified":"2017-08-14T18:01:54","modified_gmt":"2017-08-14T16:01:54","slug":"nixie-uhr","status":"publish","type":"page","link":"https:\/\/42nibbles.de\/?page_id=1960","title":{"rendered":"Nixie Uhr"},"content":{"rendered":"<p>Bei dem Labor-Projekt <em>Nixie-Uhr<\/em> werden u.a. folgende Ziele verfolgt:<\/p>\n<ul>\n<li>Erstellen einer praxistauglichen Nixie-Uhr.<\/li>\n<li>Es soll eine praktisch verf\u00fcgbare Plattform zum Erstellen, Testen und Demonstrieren von IoT-Versuchen mit dem <a title=\"Mikrocontroller.net ESP8266 - Google-Suche\" href=\"http:\/\/www.google.de\/search?hl=de&amp;source=hp&amp;biw=&amp;bih=&amp;q=Mikrocontroller.net+ESP8266\" data-original-href=\"http:\/\/www.google.de\/search?hl=de&amp;source=hp&amp;biw=&amp;bih=&amp;q=Mikrocontroller.net+ESP8266\">ESP8266<\/a> in Verbindung mit der Arduino-Library zur Verf\u00fcgung gestellt werden.<\/li>\n<li>Auf Grund der komplett verf\u00fcgbaren Dokumentation soll f\u00fcr Kreative die M\u00f6glichkeit zum Designen individueller Geh\u00e4use, Einsatz unterschiedlicher Nixie-R\u00f6hren, Entwurf eigener Software etc. geschaffen werden.<\/li>\n<\/ul>\n<p>Die Dokumentation der Hard- und Software befindet sich z.Z. unter <a title=\"GitHub-Link\" href=\"https:\/\/github.com\/42nibbles\/NixieClock\" data-original-href=\"https:\/\/github.com\/42nibbles\/NixieClock\">GitHub.<\/a><\/p>\n","protected":false},"excerpt":{"rendered":"<p>Bei dem Labor-Projekt Nixie-Uhr werden u.a. folgende Ziele verfolgt: Erstellen einer praxistauglichen Nixie-Uhr. Es soll eine praktisch verf\u00fcgbare Plattform zum Erstellen, Testen und Demonstrieren von IoT-Versuchen mit dem ESP8266 in Verbindung mit der Arduino-Library zur Verf\u00fcgung gestellt werden. Auf Grund der komplett verf\u00fcgbaren Dokumentation soll f\u00fcr Kreative die M\u00f6glichkeit zum Designen individueller Geh\u00e4use, Einsatz unterschiedlicher [&hellip;]<\/p>\n","protected":false},"author":4,"featured_media":2102,"parent":1529,"menu_order":0,"comment_status":"closed","ping_status":"closed","template":"","meta":{"footnotes":""},"class_list":["post-1960","page","type-page","status-publish","has-post-thumbnail","hentry"],"jetpack_sharing_enabled":true,"_links":{"self":[{"href":"https:\/\/42nibbles.de\/index.php?rest_route=\/wp\/v2\/pages\/1960","targetHints":{"allow":["GET"]}}],"collection":[{"href":"https:\/\/42nibbles.de\/index.php?rest_route=\/wp\/v2\/pages"}],"about":[{"href":"https:\/\/42nibbles.de\/index.php?rest_route=\/wp\/v2\/types\/page"}],"author":[{"embeddable":true,"href":"https:\/\/42nibbles.de\/index.php?rest_route=\/wp\/v2\/users\/4"}],"replies":[{"embeddable":true,"href":"https:\/\/42nibbles.de\/index.php?rest_route=%2Fwp%2Fv2%2Fcomments&post=1960"}],"version-history":[{"count":4,"href":"https:\/\/42nibbles.de\/index.php?rest_route=\/wp\/v2\/pages\/1960\/revisions"}],"predecessor-version":[{"id":2095,"href":"https:\/\/42nibbles.de\/index.php?rest_route=\/wp\/v2\/pages\/1960\/revisions\/2095"}],"up":[{"embeddable":true,"href":"https:\/\/42nibbles.de\/index.php?rest_route=\/wp\/v2\/pages\/1529"}],"wp:featuredmedia":[{"embeddable":true,"href":"https:\/\/42nibbles.de\/index.php?rest_route=\/wp\/v2\/media\/2102"}],"wp:attachment":[{"href":"https:\/\/42nibbles.de\/index.php?rest_route=%2Fwp%2Fv2%2Fmedia&parent=1960"}],"curies":[{"name":"wp","href":"https:\/\/api.w.org\/{rel}","templated":true}]}}