{"id":1729,"date":"2016-06-28T22:31:52","date_gmt":"2016-06-28T20:31:52","guid":{"rendered":"https:\/\/42nibbles.de\/?page_id=1729"},"modified":"2021-11-10T19:30:40","modified_gmt":"2021-11-10T18:30:40","slug":"das-team","status":"publish","type":"page","link":"https:\/\/42nibbles.de\/?page_id=1729","title":{"rendered":"Das Team"},"content":{"rendered":"<h2 class=\"team-title\" style=\"text-align: center;\"><span class=\"sub-title\">(Dipl. Ing.) Dieter<\/span><\/h2>\n<p style=\"text-align: center;\"><a href=\"https:\/\/42nibbles.de\/wp-content\/uploads\/2016\/06\/IMG_9032.jpg\"><img loading=\"lazy\" decoding=\"async\" class=\"wp-image-1736 aligncenter\" src=\"https:\/\/42nibbles.de\/wp-content\/uploads\/2016\/06\/IMG_9032-1200x1293.jpg\" width=\"256\" height=\"276\" srcset=\"https:\/\/42nibbles.de\/wp-content\/uploads\/2016\/06\/IMG_9032-1200x1293.jpg 1200w, https:\/\/42nibbles.de\/wp-content\/uploads\/2016\/06\/IMG_9032-768x828.jpg 768w\" sizes=\"auto, (max-width: 256px) 100vw, 256px\" \/><\/a><br \/>\nE-Technik, Embedded, Mikrocontroller<\/p>\n<p>Dieter ist Dozent an der FH-Dortmund und h\u00e4lt die Vorlesungen E-Technik und Serielle Bussysteme. Alles was du zum Thema E-Technik wissen m\u00f6chtest kann Dieter dir liefern. Au\u00dferdem ist er unser Kontaktmann zum Hackerspace der FH-Bocholt.<\/p>\n<h2 class=\"team-title\" style=\"text-align: center;\"><span class=\"sub-title\">(Dipl. Inform.) Michael<\/span><\/h2>\n<p style=\"text-align: center;\"><img loading=\"lazy\" decoding=\"async\" class=\"aligncenter\" src=\"https:\/\/42nibbles.de\/wp-content\/uploads\/2016\/06\/IMG_9036.jpg\" alt=\"IMG_9036\" width=\"250\" height=\"278\" \/><br \/>\nE-Technik, Embedded, Chemie<\/p>\n<p>Michael ist der Laborleiter. Bei Fragen Rund ums Labor hilft er gerne weiter. E-Technik oder Fragen zu Embedded Controllern beantwortet er dir ebenfalls.<\/p>\n<h2 class=\"team-title\" style=\"text-align: center;\"><span class=\"sub-title\">(B. Sc.) Mathias<\/span><\/h2>\n<p style=\"text-align: center;\"><img loading=\"lazy\" decoding=\"async\" class=\"aligncenter\" src=\"https:\/\/42nibbles.de\/wp-content\/uploads\/2016\/06\/IMG_9048.jpg\" alt=\"IMG_9048\" width=\"250\" height=\"297\" \/><br \/>\nE-Technik, Embedded, Mikrocontroller<\/p>\n<p>Mathias kann dir alles zum Thema Layouting von Boards erz\u00e4hlen was du wissen musst.<\/p>\n<h2 class=\"team-title\" style=\"text-align: center;\"><span class=\"sub-title\">(B. Sc.) Raphael<\/span><\/h2>\n<p style=\"text-align: center;\"><img loading=\"lazy\" decoding=\"async\" class=\"aligncenter\" src=\"https:\/\/42nibbles.de\/wp-content\/uploads\/2016\/06\/IMG_9037.jpg\" width=\"250\" height=\"326\" \/><br \/>\nEmbedded, Software<\/p>\n<p>Fragen zu Mikrocontrollern oder Embedded-SW-Architektur kann Raphael beantworten. Vor seinem Studium hat Raphael bereits in der freien Wirtschaft gearbeitet und kann somit bereits auf viel Erfahrung zur\u00fcckgreifen.<\/p>\n<h2 class=\"team-title\" style=\"text-align: center;\"><span class=\"sub-title\">(B. Sc.) Simon<\/span><\/h2>\n<p style=\"text-align: center;\"><img loading=\"lazy\" decoding=\"async\" class=\"aligncenter\" src=\"https:\/\/42nibbles.de\/wp-content\/uploads\/2016\/06\/IMG_9041.jpg\" alt=\"IMG_9041\" width=\"250\" height=\"308\" \/><br \/>\n(B. Sc.) [Alumni] Embedded Linux, Software, C++<\/p>\n<p>Embedded Linux oder C++ sind Simons Themengebiet, aber auch automatisierte Buildsysteme oder alles zum Thema Audioverarbeitung. Als Alumni hat er bereits Erfahrung in der freien Wirtschaft.<\/p>\n<h2 class=\"team-title\" style=\"text-align: center;\"><span class=\"sub-title\">(B. Sc.) Marcel<\/span><\/h2>\n<p style=\"text-align: center;\"><img loading=\"lazy\" decoding=\"async\" class=\"aligncenter\" src=\"https:\/\/42nibbles.de\/wp-content\/uploads\/2016\/06\/IMG_9028.jpg\" alt=\"IMG_9028\" width=\"250\" height=\"282\" \/><br \/>\nEmbedded Linux, L\u00f6ten, Mikrocontroller<\/p>\n<p>Marcel ist unser Allrounder. Embedded Linux, Elektronik bis hin zum L\u00f6ten sind seine Wissensfelder.<\/p>\n<h2 class=\"team-title\" style=\"text-align: center;\"><span class=\"sub-title\">(B. Sc.) Mathias<\/span><\/h2>\n<p style=\"text-align: center;\"><img loading=\"lazy\" decoding=\"async\" class=\"aligncenter\" src=\"https:\/\/42nibbles.de\/wp-content\/uploads\/2017\/02\/3640-1-e1487712134460.jpg\" alt=\"Matthias Parys\" width=\"250\" height=\"282\" \/><br \/>\nRover, L\u00f6ten, Mikrocontroller<\/p>\n<h2 class=\"team-title\" style=\"text-align: center;\"><span class=\"sub-title\">(B. Sc.) Alexander<br \/>\n<\/span><\/h2>\n<p style=\"text-align: center;\"><img loading=\"lazy\" decoding=\"async\" class=\"aligncenter\" src=\"https:\/\/42nibbles.de\/wp-content\/uploads\/2017\/02\/3643-1-e1487712080760.jpg\" alt=\"Alexander Miller\" width=\"250\" height=\"282\" \/><br \/>\nElektrische Spinne, L\u00f6ten, Mikrocontroller<\/p>\n","protected":false},"excerpt":{"rendered":"<p>(Dipl. Ing.) Dieter E-Technik, Embedded, Mikrocontroller Dieter ist Dozent an der FH-Dortmund und h\u00e4lt die Vorlesungen E-Technik und Serielle Bussysteme. Alles was du zum Thema E-Technik wissen m\u00f6chtest kann Dieter dir liefern. Au\u00dferdem ist er unser Kontaktmann zum Hackerspace der FH-Bocholt. (Dipl. Inform.) Michael E-Technik, Embedded, Chemie Michael ist der Laborleiter. Bei Fragen Rund ums [&hellip;]<\/p>\n","protected":false},"author":4,"featured_media":0,"parent":0,"menu_order":0,"comment_status":"closed","ping_status":"closed","template":"","meta":{"footnotes":""},"class_list":["post-1729","page","type-page","status-publish","hentry"],"jetpack_sharing_enabled":true,"_links":{"self":[{"href":"https:\/\/42nibbles.de\/index.php?rest_route=\/wp\/v2\/pages\/1729","targetHints":{"allow":["GET"]}}],"collection":[{"href":"https:\/\/42nibbles.de\/index.php?rest_route=\/wp\/v2\/pages"}],"about":[{"href":"https:\/\/42nibbles.de\/index.php?rest_route=\/wp\/v2\/types\/page"}],"author":[{"embeddable":true,"href":"https:\/\/42nibbles.de\/index.php?rest_route=\/wp\/v2\/users\/4"}],"replies":[{"embeddable":true,"href":"https:\/\/42nibbles.de\/index.php?rest_route=%2Fwp%2Fv2%2Fcomments&post=1729"}],"version-history":[{"count":56,"href":"https:\/\/42nibbles.de\/index.php?rest_route=\/wp\/v2\/pages\/1729\/revisions"}],"predecessor-version":[{"id":2246,"href":"https:\/\/42nibbles.de\/index.php?rest_route=\/wp\/v2\/pages\/1729\/revisions\/2246"}],"wp:attachment":[{"href":"https:\/\/42nibbles.de\/index.php?rest_route=%2Fwp%2Fv2%2Fmedia&parent=1729"}],"curies":[{"name":"wp","href":"https:\/\/api.w.org\/{rel}","templated":true}]}}