{"id":1686,"date":"2016-06-14T21:19:06","date_gmt":"2016-06-14T19:19:06","guid":{"rendered":"https:\/\/42nibbles.de\/?page_id=1686"},"modified":"2016-07-26T21:37:39","modified_gmt":"2016-07-26T19:37:39","slug":"3d-printing","status":"publish","type":"page","link":"https:\/\/42nibbles.de\/?page_id=1686","title":{"rendered":"3D-Printing"},"content":{"rendered":"<h2><a href=\"https:\/\/42nibbles.de\/wp-content\/uploads\/2016\/06\/printerhead.png\"><img loading=\"lazy\" decoding=\"async\" class=\"size-full wp-image-1799 aligncenter\" src=\"https:\/\/42nibbles.de\/wp-content\/uploads\/2016\/06\/printerhead.png\" alt=\"printerhead\" width=\"690\" height=\"338\" srcset=\"https:\/\/42nibbles.de\/wp-content\/uploads\/2016\/06\/printerhead.png 690w, https:\/\/42nibbles.de\/wp-content\/uploads\/2016\/06\/printerhead-470x230.png 470w\" sizes=\"auto, (max-width: 690px) 100vw, 690px\" \/><\/a><\/h2>\n<h2><strong>Was muss ich wissen damit ich drucken kann?<\/strong><\/h2>\n<h2><strong>Welche Software brauche ich?<\/strong><\/h2>\n<p>Zum erstellen von 3D-Modellen ben\u00f6tigt ihr eine CAD Software. Wir haben gute Erfahrung bei der Erstellung von 3D-Modellen mit der Software <a href=\"http:\/\/www.freecadweb.org\/\" target=\"_blank\">FreeCAD<\/a> gemacht. Diese wird auf der Homepage der Entwickler kostenfrei zum Download angeboten. Auf unserem CAD-Rechner ist diese Software ebenfalls installiert und kann dort genutzt werden.<\/p>\n<p><a href=\"https:\/\/42nibbles.de\/wp-content\/uploads\/2016\/06\/FreeCAD.jpg\"><img loading=\"lazy\" decoding=\"async\" class=\"aligncenter size-medium wp-image-1873\" src=\"https:\/\/42nibbles.de\/wp-content\/uploads\/2016\/06\/FreeCAD-800x400.jpg\" alt=\"FreeCAD\" width=\"800\" height=\"400\" \/><\/a><\/p>\n<h2><strong>Was muss ich vorbereiten?<\/strong><\/h2>\n<h2><strong>Welche Drucker gibt es im Labor?<\/strong><\/h2>\n<p><a href=\"https:\/\/42nibbles.de\/wp-content\/uploads\/2016\/06\/WhatsApp-Image-201607115.jpeg\"><img loading=\"lazy\" decoding=\"async\" class=\"alignnone size-large wp-image-1834\" src=\"https:\/\/42nibbles.de\/wp-content\/uploads\/2016\/06\/WhatsApp-Image-201607115-1200x900.jpeg\" alt=\"WhatsApp-Image-201607115\" width=\"1200\" height=\"900\" srcset=\"https:\/\/42nibbles.de\/wp-content\/uploads\/2016\/06\/WhatsApp-Image-201607115-1200x900.jpeg 1200w, https:\/\/42nibbles.de\/wp-content\/uploads\/2016\/06\/WhatsApp-Image-201607115-768x576.jpeg 768w, https:\/\/42nibbles.de\/wp-content\/uploads\/2016\/06\/WhatsApp-Image-201607115-307x230.jpeg 307w, https:\/\/42nibbles.de\/wp-content\/uploads\/2016\/06\/WhatsApp-Image-201607115.jpeg 1600w\" sizes=\"auto, (max-width: 1200px) 100vw, 1200px\" \/><\/a><\/p>\n<p>Im Labor steht euch ein Ultimaker 2 (links) und ein <a href=\"http:\/\/eu.xyzprinting.com\/eu_en\/Product\/Nobel-1.0\">Nobel 1.0<\/a> von xyzprinting (rechts) zur Verf\u00fcgung. Beim Ultimaker handelt es sich um einen FDM-Drucker. Bei diesem Druckverfahren wird ein Modell\u00a0Schicht f\u00fcr Schicht aus geschmolzenem Kunststoff aufgebaut. Als Materialien k\u00f6nnen\u00a0<a href=\"https:\/\/de.wikipedia.org\/wiki\/Polylactide\">PLA<\/a>,\u00a0<a href=\"https:\/\/de.wikipedia.org\/wiki\/Acrylnitril-Butadien-Styrol\">ABS<\/a>\u00a0und ein gummiartiges Material verwendet werden, wobei wir bisher die besten Ergebnisse mit PLA erzielen konnten. Auf diese Weise entstanden neben diversen Bauteilen f\u00fcr Quadrocopter oder Roboter auch ein Teil eines Dudelsacks. Beim Nobel kommt dagegen das <a href=\"https:\/\/de.wikipedia.org\/wiki\/Stereolithografie\">Stereolithografieverfahren <\/a>zum Einsatz. Dabei h\u00e4rtet ein UV-Laser ein Hartz punktgenau aus. Auf diese Weise entstehen sehr feine Strukturen. Allerdings m\u00fcssen die gedruckten Modelle erst noch von \u00fcbersch\u00fcssigem Harz befreit und unter Umst\u00e4nden nachtr\u00e4glich durch UV-Licht geh\u00e4rtet werden.<br \/>\n<a href=\"https:\/\/42nibbles.de\/wp-content\/uploads\/2016\/06\/WhatsApp-Image-201607113.jpeg\"><img loading=\"lazy\" decoding=\"async\" class=\"alignnone size-large wp-image-1833\" src=\"https:\/\/42nibbles.de\/wp-content\/uploads\/2016\/06\/WhatsApp-Image-201607113-1200x900.jpeg\" alt=\"WhatsApp-Image-201607113\" width=\"1200\" height=\"900\" srcset=\"https:\/\/42nibbles.de\/wp-content\/uploads\/2016\/06\/WhatsApp-Image-201607113-1200x900.jpeg 1200w, https:\/\/42nibbles.de\/wp-content\/uploads\/2016\/06\/WhatsApp-Image-201607113-768x576.jpeg 768w, https:\/\/42nibbles.de\/wp-content\/uploads\/2016\/06\/WhatsApp-Image-201607113-307x230.jpeg 307w, https:\/\/42nibbles.de\/wp-content\/uploads\/2016\/06\/WhatsApp-Image-201607113.jpeg 1600w\" sizes=\"auto, (max-width: 1200px) 100vw, 1200px\" \/><\/a><\/p>\n<h2><strong>Welcher Drucker ist der richtige?<\/strong><\/h2>\n<h2><strong>Wann kann ich drucken?<\/strong><\/h2>\n<p>Schau doch einfach mal Dienstags Abends vorbei. Da hast du die beste Chance jemanden zu treffen, der dich einweisen kann und dir alles erkl\u00e4rt.<\/p>\n<h2><strong>Wen kann ich fragen?<\/strong><\/h2>\n<p>Jeder der auf der <a href=\"https:\/\/42nibbles.de\/das-team\/\">Teamseite<\/a> zu finden ist.<\/p>\n","protected":false},"excerpt":{"rendered":"<p>Was muss ich wissen damit ich drucken kann? Welche Software brauche ich? Zum erstellen von 3D-Modellen ben\u00f6tigt ihr eine CAD Software. Wir haben gute Erfahrung bei der Erstellung von 3D-Modellen mit der Software FreeCAD gemacht. Diese wird auf der Homepage der Entwickler kostenfrei zum Download angeboten. Auf unserem CAD-Rechner ist diese Software ebenfalls installiert und [&hellip;]<\/p>\n","protected":false},"author":4,"featured_media":0,"parent":0,"menu_order":0,"comment_status":"closed","ping_status":"closed","template":"","meta":{"footnotes":""},"class_list":["post-1686","page","type-page","status-publish","hentry"],"jetpack_sharing_enabled":true,"_links":{"self":[{"href":"https:\/\/42nibbles.de\/index.php?rest_route=\/wp\/v2\/pages\/1686","targetHints":{"allow":["GET"]}}],"collection":[{"href":"https:\/\/42nibbles.de\/index.php?rest_route=\/wp\/v2\/pages"}],"about":[{"href":"https:\/\/42nibbles.de\/index.php?rest_route=\/wp\/v2\/types\/page"}],"author":[{"embeddable":true,"href":"https:\/\/42nibbles.de\/index.php?rest_route=\/wp\/v2\/users\/4"}],"replies":[{"embeddable":true,"href":"https:\/\/42nibbles.de\/index.php?rest_route=%2Fwp%2Fv2%2Fcomments&post=1686"}],"version-history":[{"count":15,"href":"https:\/\/42nibbles.de\/index.php?rest_route=\/wp\/v2\/pages\/1686\/revisions"}],"predecessor-version":[{"id":1922,"href":"https:\/\/42nibbles.de\/index.php?rest_route=\/wp\/v2\/pages\/1686\/revisions\/1922"}],"wp:attachment":[{"href":"https:\/\/42nibbles.de\/index.php?rest_route=%2Fwp%2Fv2%2Fmedia&parent=1686"}],"curies":[{"name":"wp","href":"https:\/\/api.w.org\/{rel}","templated":true}]}}