{"id":1529,"date":"2016-03-06T21:34:06","date_gmt":"2016-03-06T20:34:06","guid":{"rendered":"https:\/\/42nibbles.de\/?page_id=1529"},"modified":"2016-07-11T21:18:40","modified_gmt":"2016-07-11T19:18:40","slug":"projekte","status":"publish","type":"page","link":"https:\/\/42nibbles.de\/?page_id=1529","title":{"rendered":"Projekte"},"content":{"rendered":"<h2>Projekte im offenen Labor der FH-Dortmund<\/h2>\n<p><a href=\"https:\/\/42nibbles.de\/wp-content\/uploads\/2016\/03\/Intro.jpg\"><img loading=\"lazy\" decoding=\"async\" class=\"aligncenter size-medium wp-image-1869\" src=\"https:\/\/42nibbles.de\/wp-content\/uploads\/2016\/03\/Intro-800x400.jpg\" alt=\"Beispiel f\u00fcr ein Projekt\" width=\"800\" height=\"400\" \/><\/a><\/p>\n<p>Unsere Projekte drehen sich im weitesten Sinne um Informatik. Dies bedeutet allerdings nicht, dass bei uns nur Software entwickelt wird. Ganz im Gegenteil. Software ist nur ein Teilbereich der verschiedenen Arbeiten, welche im Labor entstanden sind und gerade noch entstehen. Layouting von Platinen und das erstellen einen Prototypen auf dem Breadboard sind meistens Teil eines Projekt-Prozesses.<br \/>\nBei uns wird mit viel Herz und vor allem Spa\u00df an den Projekten gebastelt. Jederzeit steht zudem jemand bereit um zu helfen. Dies best\u00e4tigt auch die steigende Zahl der regelm\u00e4\u00dfigen Besucher. Du musst nicht Informatik studieren um ins Labor kommen zu d\u00fcrfen. Jeder kann bei uns mitmachen. Komm doch einfach mal vorbei!<\/p>\n<h2>Dein eigenes Projekt<\/h2>\n<p>Du hast selber vielleicht schon eine gute Idee oder gar angefangen etwas zu bauen und brauchst jetzt Hilfe? Kein Thema komm einfach vorbei. Wir helfen dir immer gerne. Du kannst bei lockerer Atmosph\u00e4re jeden Dienstag mit uns an deinem Projekt arbeiten.<\/p>\n<p>So findest du uns: <a href=\"https:\/\/42nibbles.de\/offenes-labor\/oeffnungszeiten\/\">Anfahrt<\/a><\/p>\n","protected":false},"excerpt":{"rendered":"<p>Projekte im offenen Labor der FH-Dortmund Unsere Projekte drehen sich im weitesten Sinne um Informatik. Dies bedeutet allerdings nicht, dass bei uns nur Software entwickelt wird. Ganz im Gegenteil. Software ist nur ein Teilbereich der verschiedenen Arbeiten, welche im Labor entstanden sind und gerade noch entstehen. Layouting von Platinen und das erstellen einen Prototypen auf [&hellip;]<\/p>\n","protected":false},"author":4,"featured_media":0,"parent":0,"menu_order":0,"comment_status":"closed","ping_status":"closed","template":"","meta":{"footnotes":""},"class_list":["post-1529","page","type-page","status-publish","hentry"],"jetpack_sharing_enabled":true,"_links":{"self":[{"href":"https:\/\/42nibbles.de\/index.php?rest_route=\/wp\/v2\/pages\/1529","targetHints":{"allow":["GET"]}}],"collection":[{"href":"https:\/\/42nibbles.de\/index.php?rest_route=\/wp\/v2\/pages"}],"about":[{"href":"https:\/\/42nibbles.de\/index.php?rest_route=\/wp\/v2\/types\/page"}],"author":[{"embeddable":true,"href":"https:\/\/42nibbles.de\/index.php?rest_route=\/wp\/v2\/users\/4"}],"replies":[{"embeddable":true,"href":"https:\/\/42nibbles.de\/index.php?rest_route=%2Fwp%2Fv2%2Fcomments&post=1529"}],"version-history":[{"count":12,"href":"https:\/\/42nibbles.de\/index.php?rest_route=\/wp\/v2\/pages\/1529\/revisions"}],"predecessor-version":[{"id":1871,"href":"https:\/\/42nibbles.de\/index.php?rest_route=\/wp\/v2\/pages\/1529\/revisions\/1871"}],"wp:attachment":[{"href":"https:\/\/42nibbles.de\/index.php?rest_route=%2Fwp%2Fv2%2Fmedia&parent=1529"}],"curies":[{"name":"wp","href":"https:\/\/api.w.org\/{rel}","templated":true}]}}