{"id":1522,"date":"2016-03-06T20:18:42","date_gmt":"2016-03-06T19:18:42","guid":{"rendered":"https:\/\/42nibbles.de\/?page_id=1522"},"modified":"2016-06-14T21:40:54","modified_gmt":"2016-06-14T19:40:54","slug":"oeffnungszeiten","status":"publish","type":"page","link":"https:\/\/42nibbles.de\/?page_id=1522","title":{"rendered":"Anfahrt"},"content":{"rendered":"<h2><strong>Offenes Labor<\/strong><\/h2>\n<p>Jeden Dienstag Nachmittag ab 16:30 Uhr<\/p>\n<p><strong>Anschrift:<\/strong><br \/>\nEmil-Figge-Str. 42, 44227 Dortmund<br \/>\nRaum C.E.31<\/p>\n<p><iframe loading=\"lazy\" style=\"border: 1px solid black;\" src=\"http:\/\/www.openstreetmap.org\/export\/embed.html?bbox=7.413185834884644%2C51.49137077235165%2C7.42698311805725%2C51.496046617931334&amp;layer=mapnik&amp;marker=51.493708755093614%2C7.420084476470947\" width=\"800\" height=\"500\" frameborder=\"0\" marginwidth=\"0\" marginheight=\"0\" scrolling=\"no\"><\/iframe><\/p>\n<p><small><a href=\"http:\/\/www.openstreetmap.org\/?mlat=51.49371&amp;mlon=7.42008#map=17\/51.49371\/7.42008\" target=\"blank\">Gr\u00f6\u00dfere Karte anzeigen<\/a><\/small><\/p>\n<h2>\u00dcberischt Geb\u00e4udeplan<\/h2>\n<p><a href=\"http:\/\/www.fh-dortmund.de\/de\/_diverses\/anschr\/medien\/lageplan_campus.pdf\" target=\"_blank\">Geb\u00e4udeplan Emil-Figge-Str.<\/a><\/p>\n<h2>Anfahrt mit \u00f6ffentlichen Verkehrsmitteln<\/h2>\n<h3>Vom Hauptbahnhof Dortmund<\/h3>\n<div class=\"article float-break\">\n<div class=\"text\">S-Bahn S1 Richtung D\u00fcsseldorf Hbf &gt; Haltestelle Dortmund Universit\u00e4t S austeigen<\/div>\n<\/div>\n<h3 class=\"text\">Aus Richtung Bochum<\/h3>\n<p>S-Bahn S1 Richtung Dortmund Hbf &gt; Haltestelle Dortmund Universit\u00e4t S austeigen<\/p>\n","protected":false},"excerpt":{"rendered":"<p>Offenes Labor Jeden Dienstag Nachmittag ab 16:30 Uhr Anschrift: Emil-Figge-Str. 42, 44227 Dortmund Raum C.E.31 Gr\u00f6\u00dfere Karte anzeigen \u00dcberischt Geb\u00e4udeplan Geb\u00e4udeplan Emil-Figge-Str. Anfahrt mit \u00f6ffentlichen Verkehrsmitteln Vom Hauptbahnhof Dortmund S-Bahn S1 Richtung D\u00fcsseldorf Hbf &gt; Haltestelle Dortmund Universit\u00e4t S austeigen Aus Richtung Bochum S-Bahn S1 Richtung Dortmund Hbf &gt; Haltestelle Dortmund Universit\u00e4t S austeigen<\/p>\n","protected":false},"author":4,"featured_media":0,"parent":1560,"menu_order":0,"comment_status":"closed","ping_status":"closed","template":"","meta":{"footnotes":""},"class_list":["post-1522","page","type-page","status-publish","hentry"],"jetpack_sharing_enabled":true,"_links":{"self":[{"href":"https:\/\/42nibbles.de\/index.php?rest_route=\/wp\/v2\/pages\/1522","targetHints":{"allow":["GET"]}}],"collection":[{"href":"https:\/\/42nibbles.de\/index.php?rest_route=\/wp\/v2\/pages"}],"about":[{"href":"https:\/\/42nibbles.de\/index.php?rest_route=\/wp\/v2\/types\/page"}],"author":[{"embeddable":true,"href":"https:\/\/42nibbles.de\/index.php?rest_route=\/wp\/v2\/users\/4"}],"replies":[{"embeddable":true,"href":"https:\/\/42nibbles.de\/index.php?rest_route=%2Fwp%2Fv2%2Fcomments&post=1522"}],"version-history":[{"count":21,"href":"https:\/\/42nibbles.de\/index.php?rest_route=\/wp\/v2\/pages\/1522\/revisions"}],"predecessor-version":[{"id":1701,"href":"https:\/\/42nibbles.de\/index.php?rest_route=\/wp\/v2\/pages\/1522\/revisions\/1701"}],"up":[{"embeddable":true,"href":"https:\/\/42nibbles.de\/index.php?rest_route=\/wp\/v2\/pages\/1560"}],"wp:attachment":[{"href":"https:\/\/42nibbles.de\/index.php?rest_route=%2Fwp%2Fv2%2Fmedia&parent=1522"}],"curies":[{"name":"wp","href":"https:\/\/api.w.org\/{rel}","templated":true}]}}